{"id":2,"date":"2013-11-06T11:55:36","date_gmt":"2013-11-06T11:55:36","guid":{"rendered":"https:\/\/redaccionenfermera.com\/holistica\/?page_id=2"},"modified":"2024-08-07T12:50:07","modified_gmt":"2024-08-07T12:50:07","slug":"pagina-ejemplo","status":"publish","type":"page","link":"https:\/\/redaccionenfermera.com\/holistica\/pagina-ejemplo\/","title":{"rendered":"Salud Holistica"},"content":{"rendered":"<blockquote><p>Acompa\u00f1ar, cuidar en sentido hol\u00edstico significa entonces considerar a las personas en todas sus dimensiones, es decir en la dimensi\u00f3n f\u00edsica, intelectual, social, emocional y espiritual y religiosa.<\/p>\n<p>De este modo, el concepto de salud que proponemos para un cuidado hol\u00edstico no se conforma con considerarla como\u00a0 \u201cestado de completo bienestar f\u00edsico, mental y social, y no s\u00f3lo ausencia de enfermedad o dolencia\u201d, (OMS-WHO, 1946), puesto que si bien esta definici\u00f3n tiene las ventajas de no reducir la salud a mera afecci\u00f3n corporal y supera criterios exclusivamente som\u00e1ticos y organicistas, descuida aspectos de la salud importantes y la reduce a un mero \u201cestado\u201d.<\/p>\n<p>Entendemos por estilo de acompa\u00f1amiento hol\u00edstico a la persona aquel que pretende generar salud hol\u00edstica y \u00e9sta ser\u00eda la experiencia de la persona de armon\u00eda y responsabilidad en la gesti\u00f3n de la propia vida, de los propios recursos, de sus l\u00edmites y disfunciones en cada una de las dimensiones de la persona ya citadas: f\u00edsica, intelectual, relacional, emocional y espiritual y religiosa.<\/p>\n<p>As\u00ed, una persona est\u00e1 sana f\u00edsicamente cuando al considerar su cuerpo lo cuida y lo trata m\u00e1s que como cuerpo \u201canimal\u201d; lo ve en su aspecto de \u201ccorporeidad\u201d: el ser humano entero en el cuerpo, superando viejos dualismos que ve\u00edan a \u00e9ste como c\u00e1rcel del alma y, en todo caso, con sus connotaciones negativas. El cuerpo humano, en efecto, evoca y vehicula la dimensi\u00f3n relacional. Se da salud f\u00edsica, pues, tambi\u00e9n con grandes l\u00edmites en el cuerpo, como de hecho sucede cuando las personas sufren diferentes tipos de discapacidades.<\/p>\n<p>De la misma manera, acompa\u00f1ar a la persona enferma en sentido hol\u00edstico supone generar salud tambi\u00e9n en el \u00e1mbito mental. La salud mental no es s\u00f3lo ausencia de patolog\u00edas ps\u00edquicas, sino que la entendemos como apropiaci\u00f3n de las propias cogniciones, ideas, teor\u00edas, paradigmas, modos de interpretar la realidad, libres de obsesiones y excesivas visiones cerradas y pretendidamente definitivas de las cosas y de la vida.<\/p>\n<p>Igualmente, acompa\u00f1ar en sentido integral al enfermo, implica promover salud relacional, salud en la dimensi\u00f3n social. Se dar\u00e1 salud relacional cuando se pueda decir que una persona se relaciona bien consigo misma porque experimenta un cierto equilibrio en la relaci\u00f3n con su cuerpo, porque promueve el autocuidado, la belleza, la autoestima. Una persona vive sanamente su dimensi\u00f3n relacional cuando experimenta paz con su \u201cser tierra\u201d, cuando se relaciona positivamente con toda la geograf\u00eda humana f\u00edsica, cuando se ve \u201cbella\u201d, cuando sabe disfrutar y tiene buena capacidad de postponer la gratificaci\u00f3n, cuando se mira a s\u00ed misma aceptando los l\u00edmites del propio cuerpo.<\/p>\n<p>A su vez, una persona vive sanamente las relaciones con los dem\u00e1s cuando \u00e9stas est\u00e1n impregnadas de buen uso de la mirada, cuando es capaz de experimentar ternura, equilibrio y vive el contacto corporal de manera personal y positiva. Una persona indica salud relacional cuando se reconoce interdependiente, no exclusivamente independiente ni dependiente, sino que reconoce las diferentes interdependencias en los diferentes \u00e1mbitos de la vida.<\/p>\n<p>Pero hablamos tambi\u00e9n de salud emocional y nos referimos a ella en el marco de este acompa\u00f1amiento hol\u00edstico porque la dimensi\u00f3n emotiva es una m\u00e1s de las que consideramos. Queremos generar salud emocional como manejo responsable de los sentimientos, reconoci\u00e9ndolos, d\u00e1ndoles nombre, acept\u00e1ndolos, integr\u00e1ndolos y aprovechando su energ\u00eda al servicio de los valores. La persona sana emocionalmente controla sus sentimientos de manera asertiva, afirmativa.<\/p>\n<p>Y acompa\u00f1ar en sentido hol\u00edstico al enfermo significa tambi\u00e9n intentar generar salud espiritual, es decir, conciencia de ser trascendente, conocimiento de los propios valores y respeto de la diversidad de escalas, gesti\u00f3n saludable de la pregunta por el sentido y adhesi\u00f3n o no, libre, a una religi\u00f3n liberadora y humanizadora, que no genere fanatismos, esclavitudes, moralizaci\u00f3n, sentimientos de culpa morbosos, anestesia de lo humano\u2026<\/p>\n<p>En realidad, para intervenir hol\u00edsticamente se requiere recuperar la visi\u00f3n integral, hay que ir contracorriente en relaci\u00f3n a la mentalidad contempor\u00e1nea, que va por el camino de la fragmentaci\u00f3n y la super-especializaci\u00f3n.<\/p><\/blockquote>\n","protected":false},"excerpt":{"rendered":"<p>Acompa\u00f1ar, cuidar en sentido hol\u00edstico significa entonces considerar a las personas en todas sus dimensiones, es decir en la dimensi\u00f3n f\u00edsica, intelectual, social, emocional y espiritual y religiosa. De este modo, el concepto de salud que proponemos para un cuidado hol\u00edstico no se conforma con considerarla como\u00a0 \u201cestado de completo bienestar f\u00edsico, mental y social,&hellip; <br \/> <a class=\"read-more\" href=\"https:\/\/redaccionenfermera.com\/holistica\/pagina-ejemplo\/\">Leer m\u00e1s<\/a><\/p>\n","protected":false},"author":2,"featured_media":58,"parent":0,"menu_order":0,"comment_status":"open","ping_status":"open","template":"","meta":{"saved_in_kubio":false,"footnotes":""},"class_list":["post-2","page","type-page","status-publish","has-post-thumbnail","hentry"],"kubio_ai_page_context":{"short_desc":"","purpose":"general"},"_links":{"self":[{"href":"https:\/\/redaccionenfermera.com\/holistica\/wp-json\/wp\/v2\/pages\/2","targetHints":{"allow":["GET"]}}],"collection":[{"href":"https:\/\/redaccionenfermera.com\/holistica\/wp-json\/wp\/v2\/pages"}],"about":[{"href":"https:\/\/redaccionenfermera.com\/holistica\/wp-json\/wp\/v2\/types\/page"}],"author":[{"embeddable":true,"href":"https:\/\/redaccionenfermera.com\/holistica\/wp-json\/wp\/v2\/users\/2"}],"replies":[{"embeddable":true,"href":"https:\/\/redaccionenfermera.com\/holistica\/wp-json\/wp\/v2\/comments?post=2"}],"version-history":[{"count":1,"href":"https:\/\/redaccionenfermera.com\/holistica\/wp-json\/wp\/v2\/pages\/2\/revisions"}],"predecessor-version":[{"id":79,"href":"https:\/\/redaccionenfermera.com\/holistica\/wp-json\/wp\/v2\/pages\/2\/revisions\/79"}],"wp:featuredmedia":[{"embeddable":true,"href":"https:\/\/redaccionenfermera.com\/holistica\/wp-json\/wp\/v2\/media\/58"}],"wp:attachment":[{"href":"https:\/\/redaccionenfermera.com\/holistica\/wp-json\/wp\/v2\/media?parent=2"}],"curies":[{"name":"wp","href":"https:\/\/api.w.org\/{rel}","templated":true}]}}