{"id":2,"date":"2013-11-06T11:55:36","date_gmt":"2013-11-06T11:55:36","guid":{"rendered":"https:\/\/redaccionenfermera.com\/onco\/?page_id=2"},"modified":"2024-09-26T12:47:52","modified_gmt":"2024-09-26T12:47:52","slug":"pagina-ejemplo","status":"publish","type":"page","link":"https:\/\/redaccionenfermera.com\/onco\/pagina-ejemplo\/","title":{"rendered":"Enfermeria Radioterapica"},"content":{"rendered":"<blockquote><p><strong>\u00bfQu\u00e9 es la oncolog\u00eda radioter\u00e1pica? \u00bfCu\u00e1l es la funci\u00f3n de los profesionales enfermeros en ella? \u00bfCu\u00e1les son sus competencias?<\/strong><\/p>\n<p><strong>Respuesta.\u00a0<\/strong>La oncolog\u00eda radioter\u00e1pica es un tratamiento oncol\u00f3gico local que se aplica mediante radiaciones ionizantes. La funci\u00f3n de los profesionales de Enfermer\u00eda en Oncologia es principalmente el cuidado del paciente oncol\u00f3gico. La enfermera en oncolog\u00eda m\u00e9dica es la responsable de administrar adecuadamente el tratamiento de quimioterapia o terapia biol\u00f3gica, y la enfermera en una unidad de radioterapia se encarga del cuidado de la persona durante todo su tratamiento radioter\u00e1pico.<\/p><\/blockquote>\n<p>En la consulta de Enfermer\u00eda informa al paciente y elabora un plan de cuidados personalizado para conseguir que el tratamiento de radioterapia sea lo m\u00e1s eficaz y confortable para el enfermo. Adem\u00e1s, la enfermera de radioterapia interviene en diferentes procesos realizando t\u00e9cnicas enfermeras imprescindibles y espec\u00edficas para estos tratamientos (braquiterapia, radiocirug\u00eda, implantes, etc.). Una vez finalizado el tratamiento de radioterapia somos tambi\u00e9n quienes les damos a los pacientes el alta de Enfermer\u00eda y les aconsejamos sobre c\u00f3mo tendr\u00e1n que cuidarse.<\/p>\n<p>En general, el paciente oncol\u00f3gico acude con muchas dudas y miedos adem\u00e1s de con la necesidad de recibir mucha informaci\u00f3n. Es fundamental que reciba dicha informaci\u00f3n de una forma adecuada, y por eso la enfermera trabaja en equipo con el onc\u00f3logo y el resto de especialistas. Pero, efectivamente, hay que reconocer que la enfermera suele ser la persona m\u00e1s cercana al paciente, por lo que se establece entre ambos una relaci\u00f3n estrecha que ayuda a proporcionar unos cuidados y una informaci\u00f3n continuada.<\/p>\n","protected":false},"excerpt":{"rendered":"<p>\u00bfQu\u00e9 es la oncolog\u00eda radioter\u00e1pica? \u00bfCu\u00e1l es la funci\u00f3n de los profesionales enfermeros en ella? \u00bfCu\u00e1les son sus competencias? Respuesta.\u00a0La oncolog\u00eda radioter\u00e1pica es un tratamiento oncol\u00f3gico local que se aplica mediante radiaciones ionizantes. La funci\u00f3n de los profesionales de Enfermer\u00eda en Oncologia es principalmente el cuidado del paciente oncol\u00f3gico. La enfermera en oncolog\u00eda m\u00e9dica es [&hellip;]<\/p>\n","protected":false},"author":2,"featured_media":42,"parent":0,"menu_order":0,"comment_status":"open","ping_status":"open","template":"","meta":{"footnotes":""},"class_list":["post-2","page","type-page","status-publish","has-post-thumbnail","hentry"],"_links":{"self":[{"href":"https:\/\/redaccionenfermera.com\/onco\/wp-json\/wp\/v2\/pages\/2","targetHints":{"allow":["GET"]}}],"collection":[{"href":"https:\/\/redaccionenfermera.com\/onco\/wp-json\/wp\/v2\/pages"}],"about":[{"href":"https:\/\/redaccionenfermera.com\/onco\/wp-json\/wp\/v2\/types\/page"}],"author":[{"embeddable":true,"href":"https:\/\/redaccionenfermera.com\/onco\/wp-json\/wp\/v2\/users\/2"}],"replies":[{"embeddable":true,"href":"https:\/\/redaccionenfermera.com\/onco\/wp-json\/wp\/v2\/comments?post=2"}],"version-history":[{"count":4,"href":"https:\/\/redaccionenfermera.com\/onco\/wp-json\/wp\/v2\/pages\/2\/revisions"}],"predecessor-version":[{"id":51,"href":"https:\/\/redaccionenfermera.com\/onco\/wp-json\/wp\/v2\/pages\/2\/revisions\/51"}],"wp:featuredmedia":[{"embeddable":true,"href":"https:\/\/redaccionenfermera.com\/onco\/wp-json\/wp\/v2\/media\/42"}],"wp:attachment":[{"href":"https:\/\/redaccionenfermera.com\/onco\/wp-json\/wp\/v2\/media?parent=2"}],"curies":[{"name":"wp","href":"https:\/\/api.w.org\/{rel}","templated":true}]}}