{"id":76,"date":"2022-01-11T13:16:32","date_gmt":"2022-01-11T13:16:32","guid":{"rendered":"https:\/\/redaccionenfermera.com\/recursos\/sample-page\/"},"modified":"2026-03-22T00:31:54","modified_gmt":"2026-03-22T00:31:54","slug":"sample-page","status":"publish","type":"page","link":"https:\/\/redaccionenfermera.com\/recursos\/sample-page\/","title":{"rendered":"Sample Page"},"content":{"rendered":"<p>Estudiar enfermer\u00eda puede ser un camino desafiante, pero con los recursos adecuados, puedes hacerlo m\u00e1s llevadero y efectivo. Aqu\u00ed te comparto una lista de recursos que considero esenciales para estudiantes y profesionales que buscan mejorar su conocimiento y habilidades.<\/p><blockquote class=\"wp-block-quote is-layout-flow wp-block-quote-is-layout-flow\"><p>Como podemos ayudarte <\/p><\/blockquote><p>Talleres y Formacion <\/p><blockquote class=\"wp-block-quote is-layout-flow wp-block-quote-is-layout-flow\"><p>Tenemos un amplio catalogo de recursos orientados a estudiantes, pacientes, familiares y cuidadores.<\/p><\/blockquote><p>Creamos talleres orientados a la comunidad en general, desde primeros auxilios, vacunas, talleres para padres, familiares.<\/p><p>Dejanos serparte de tus <a href=\"https:\/\/support-work.kubiobuilder.com\/creative-agency-pro\/wp-admin\/\">cuidados<\/a> Existen multitud de recursos para educar en salud en la red creados desde diferentes entidades y asociaciones.<\/p><p>Desde Redaccion Enfermera queremos dar la m\u00e1xima difusi\u00f3n a los materiales, para ayudar a enfermeras escolares, docentes, padres\u2026 a\u00a0<strong>encontrar materiales que permitan aprender y ense\u00f1ar a cuidarno<\/strong><a href=\"https:\/\/support-work.kubiobuilder.com\/creative-agency-pro\/wp-admin\/\">s y Cuidar<\/a><\/p>","protected":false},"excerpt":{"rendered":"<p>Estudiar enfermer\u00eda puede ser un camino desafiante, pero con los recursos adecuados, puedes hacerlo m\u00e1s llevadero y efectivo. Aqu\u00ed te comparto una lista de recursos que considero esenciales para estudiantes y profesionales que buscan mejorar su conocimiento y habilidades. Como podemos ayudarte Talleres y Formacion Tenemos un amplio catalogo de recursos orientados a estudiantes, pacientes, [&hellip;]<\/p>\n","protected":false},"author":2,"featured_media":0,"parent":0,"menu_order":0,"comment_status":"closed","ping_status":"open","template":"","meta":{"saved_in_kubio":true,"footnotes":""},"class_list":["post-76","page","type-page","status-publish","hentry"],"kubio_ai_page_context":{"short_desc":"","purpose":"general"},"jetpack_sharing_enabled":true,"_links":{"self":[{"href":"https:\/\/redaccionenfermera.com\/recursos\/wp-json\/wp\/v2\/pages\/76","targetHints":{"allow":["GET"]}}],"collection":[{"href":"https:\/\/redaccionenfermera.com\/recursos\/wp-json\/wp\/v2\/pages"}],"about":[{"href":"https:\/\/redaccionenfermera.com\/recursos\/wp-json\/wp\/v2\/types\/page"}],"author":[{"embeddable":true,"href":"https:\/\/redaccionenfermera.com\/recursos\/wp-json\/wp\/v2\/users\/2"}],"replies":[{"embeddable":true,"href":"https:\/\/redaccionenfermera.com\/recursos\/wp-json\/wp\/v2\/comments?post=76"}],"version-history":[{"count":2,"href":"https:\/\/redaccionenfermera.com\/recursos\/wp-json\/wp\/v2\/pages\/76\/revisions"}],"predecessor-version":[{"id":6136,"href":"https:\/\/redaccionenfermera.com\/recursos\/wp-json\/wp\/v2\/pages\/76\/revisions\/6136"}],"wp:attachment":[{"href":"https:\/\/redaccionenfermera.com\/recursos\/wp-json\/wp\/v2\/media?parent=76"}],"curies":[{"name":"wp","href":"https:\/\/api.w.org\/{rel}","templated":true}]}}